{"id":10,"date":"2024-07-26T09:28:01","date_gmt":"2024-07-26T09:28:01","guid":{"rendered":"https:\/\/metal-detektor.de\/?page_id=10"},"modified":"2024-07-26T09:29:44","modified_gmt":"2024-07-26T09:29:44","slug":"betreiber-und-verantwortlich-fuer-die-inhalte-dieser-webseite-ist","status":"publish","type":"page","link":"https:\/\/metal-detektor.de\/index.php\/betreiber-und-verantwortlich-fuer-die-inhalte-dieser-webseite-ist\/","title":{"rendered":"Impressum"},"content":{"rendered":"\n<p>Betreiber und verantwortlich f\u00fcr die Inhalte dieser Webseite ist:<\/p>\n\n\n\n<p><strong>Herausgeber:<\/strong><br> <br> Metal-Detektor.de<br> Matthias Brandt<br> Bismarckstra\u00dfe 12<br> 31061 Alfeld<br> Deutschland<\/p>\n\n\n\n<p>phone: +49 172 4170506<br> wuschelmatze(at)metal-detektor.de<\/p>\n\n\n\n<p><br><strong>Inhaltlich Verantwortlicher gem. \u00a7 55 RStV:<\/strong><\/p>\n\n\n\n<p>Matthias\nBrandt<\/p>\n\n\n\n<p><strong>Haftungsauschlu\u00df: <\/strong><\/p>\n\n\n\n<p><em>1.<br>Rechtswirksamkeit dieses Haftungsausschlusses<\/em><br> Dieser Haftungsausschluss ist f\u00fcr alle Seiten des Internetangebots <strong>www.metal-detektor.de<\/strong> g\u00fcltig und Teil des Internetangebotes, von dem aus auf diese Seite verwiesen wurde. Sollten Teile oder einzelne Formulierungen dieses Dokumentes der geltenden Rechtslage nicht, nicht mehr oder nicht vollst\u00e4ndig entsprechen, so bleiben die \u00fcbrigen Teile des Dokumentes in ihrem Inhalt und ihrer G\u00fcltigkeit davon unber\u00fchrt.<\/p>\n\n\n\n<p><em>2.<br>Copyright<\/em><br> Die Inhalte der Internetseiten <strong>www.metal-detektor.de<br><\/strong>sind urheberrechtlich gesch\u00fctzt. Von<strong> www.metal-detektor.de<\/strong> erstellte Grafiken und Texte, oder Teile derselben, d\u00fcrfen ohne vorherige Zustimmung von <strong>www.metal-detektor.de<\/strong> in jeglicher Art weder verwendet noch vervielf\u00e4ltigt werden.<\/p>\n\n\n\n<p><em>3.<br>Inhalt des Internetangebots<\/em><br> <strong>www.metal-detektor.de<\/strong> \u00fcbernimmt keinerlei Gew\u00e4hr f\u00fcr Aktualit\u00e4t, Richtigkeit, Qualit\u00e4t oder Vollst\u00e4ndigkeit der im Internetangebot pr\u00e4sentierten Informationen. Haftungsanspr\u00fcche gegen <strong>www.metal-detektor.de<\/strong> f\u00fcr Sch\u00e4den jeglicher Art, die durch die Nutzung oder Nichtnutzung der angebotenen Informationen oder durch die Nutzung fehlerhafter oder unvollst\u00e4ndiger Informationen entstanden sind, werden hiermit ausgeschlossen. <strong>www.metal-detektor.de<\/strong> beh\u00e4lt es sich ausdr\u00fccklich vor, die bereitgestellten Informationen ohne Vorank\u00fcndigung zu ver\u00e4ndern, zu erweitern oder zu entfernen.<\/p>\n\n\n\n<p><em>4.<br>Verweise auf fremde Internetseiten<\/em><br> Bei direkten oder indirekten Verweisen auf fremde Internetseiten hat <strong>www.metal-detektor.de<\/strong> keinen Einfluss auf die aktuellen und zuk\u00fcnftigen Inhalte der entsprechenden oder der dort weiterverkn\u00fcpften Seiten. Daher distanziert sich www.gestromt.de hiermit ausdr\u00fccklich von den Inhalten s\u00e4mtlicher im Internetangebot <strong>www.metal-detektor.de<\/strong> verlinkten Seiten. F\u00fcr illegale, fehlerhafte oder unvollst\u00e4ndige Inhalte und insbesondere f\u00fcr Sch\u00e4den, die aus der Nutzung oder Nichtnutzung solcher angebotenen Informationen entstehen, haftet allein der Anbieter der Seite, auf die von www.metal-detektor.de verwiesen wurde und nicht <strong>www.metal-detektor.de<\/strong>.<\/p>\n\n\n\n<p><em>5.<br>Inhalt<\/em><br> F\u00fcr den Inhalt der einzelnen Artikel sind die jeweils benannten Autoren verantwortlich. Die Inhalte der Artikel spiegeln nicht zwangsl\u00e4ufig die Meinung der Redaktion wieder.<br> <br> Alle hier bereitgestellten Informationen dienen lediglich Informationszwecken sowie Zwecken der Meinungsbildung. Eine Rechtsberatung findet nicht statt.<br> <br> <em>6. Kommentare<\/em><br> Etwaige Kommentare dienen lediglich der inhaltlichen Diskussion. Die dort formulierten Meinungen geben ausschlie\u00dflich die Auffassung des jeweiligen Verfassers wieder. <strong>www.metal-detektor.de<\/strong> beh\u00e4lt sich das Recht vor, einzelne Kommentare zu entfernen oder nicht zu ver\u00f6ffentlichen.<\/p>\n\n\n\n<p><em>7.<br>Datenschutz<\/em><br> Die Eingabe pers\u00f6nlicher Daten (E-mail-Adressen, Namen, Anschriften) in daf\u00fcr vorgesehene Formulare erfolgt seitens des Nutzers auf ausdr\u00fccklich freiwilliger Basis. <strong>www.metal-detektor.de<\/strong> verpflichtet sich, die Daten vertrauensvoll zu behandeln und an keine Dritten weiterzugeben.<\/p>\n","protected":false},"excerpt":{"rendered":"<p>Betreiber und verantwortlich f\u00fcr die Inhalte dieser Webseite ist: Herausgeber: Metal-Detektor.de Matthias Brandt Bismarckstra\u00dfe 12 31061 Alfeld Deutschland phone: +49 172 4170506 wuschelmatze(at)metal-detektor.de Inhaltlich Verantwortlicher gem. \u00a7 55 RStV: Matthias [&hellip;]<\/p>\n","protected":false},"author":1,"featured_media":0,"parent":0,"menu_order":0,"comment_status":"closed","ping_status":"closed","template":"","meta":{"footnotes":""},"class_list":["post-10","page","type-page","status-publish","hentry"],"_links":{"self":[{"href":"https:\/\/metal-detektor.de\/index.php\/wp-json\/wp\/v2\/pages\/10","targetHints":{"allow":["GET"]}}],"collection":[{"href":"https:\/\/metal-detektor.de\/index.php\/wp-json\/wp\/v2\/pages"}],"about":[{"href":"https:\/\/metal-detektor.de\/index.php\/wp-json\/wp\/v2\/types\/page"}],"author":[{"embeddable":true,"href":"https:\/\/metal-detektor.de\/index.php\/wp-json\/wp\/v2\/users\/1"}],"replies":[{"embeddable":true,"href":"https:\/\/metal-detektor.de\/index.php\/wp-json\/wp\/v2\/comments?post=10"}],"version-history":[{"count":3,"href":"https:\/\/metal-detektor.de\/index.php\/wp-json\/wp\/v2\/pages\/10\/revisions"}],"predecessor-version":[{"id":13,"href":"https:\/\/metal-detektor.de\/index.php\/wp-json\/wp\/v2\/pages\/10\/revisions\/13"}],"wp:attachment":[{"href":"https:\/\/metal-detektor.de\/index.php\/wp-json\/wp\/v2\/media?parent=10"}],"curies":[{"name":"wp","href":"https:\/\/api.w.org\/{rel}","templated":true}]}}